{"id":11598,"date":"2024-08-26T10:37:13","date_gmt":"2024-08-26T14:37:13","guid":{"rendered":"https:\/\/testsite-1010.com\/centro-genesis"},"modified":"2024-11-08T19:37:56","modified_gmt":"2024-11-09T00:37:56","slug":"centro-genesis","status":"publish","type":"page","link":"https:\/\/www.gencenter.org\/es","title":{"rendered":"Genesis Center"},"content":{"rendered":"<h1>Educaci\u00f3n, Formaci\u00f3n para el Empleo y Servicios de Apoyo<\/h1>\n<p>Genesis Center ofrece programas a personas de diversas culturas para que puedan lograr la independencia econ\u00f3mica y participar plenamente en la sociedad.<\/p>\n<p>\t\t\t\t\t<a href=\"https:\/\/www.gencenter.org\/ways-to-give\"><br \/>\n\t\t\t\t\t\t\t\t\tC\u00d3MO AYUDAR<br \/>\n\t\t\t\t\t<\/a><\/p>\n<h2>Clases y formaci\u00f3n<\/h2>\n<p>\t\t\t\t\t<button id=\"e-n-tab-title-1993900941\" aria-selected=\"true\" data-tab-index=\"1\" role=\"tab\" tabindex=\"0\" aria-controls=\"e-n-tab-content-1993900941\" style=\"--n-tabs-title-order: 1;\"><br \/>\n\t\t\t<svg aria-hidden=\"true\" viewBox=\"0 0 512 512\" xmlns=\"http:\/\/www.w3.org\/2000\/svg\"><path d=\"M256 32C114.6 32 0 125.1 0 240c0 49.6 21.4 95 57 130.7C44.5 421.1 2.7 466 2.2 466.5c-2.2 2.3-2.8 5.7-1.5 8.7S4.8 480 8 480c66.3 0 116-31.8 140.6-51.4 32.7 12.3 69 19.4 107.4 19.4 141.4 0 256-93.1 256-208S397.4 32 256 32zM128 272c-17.7 0-32-14.3-32-32s14.3-32 32-32 32 14.3 32 32-14.3 32-32 32zm128 0c-17.7 0-32-14.3-32-32s14.3-32 32-32 32 14.3 32 32-14.3 32-32 32zm128 0c-17.7 0-32-14.3-32-32s14.3-32 32-32 32 14.3 32 32-14.3 32-32 32z\"><\/path><\/svg>\t\t\t<svg aria-hidden=\"true\" viewBox=\"0 0 512 512\" xmlns=\"http:\/\/www.w3.org\/2000\/svg\"><path d=\"M256 32C114.6 32 0 125.1 0 240c0 49.6 21.4 95 57 130.7C44.5 421.1 2.7 466 2.2 466.5c-2.2 2.3-2.8 5.7-1.5 8.7S4.8 480 8 480c66.3 0 116-31.8 140.6-51.4 32.7 12.3 69 19.4 107.4 19.4 141.4 0 256-93.1 256-208S397.4 32 256 32zM128 272c-17.7 0-32-14.3-32-32s14.3-32 32-32 32 14.3 32 32-14.3 32-32 32zm128 0c-17.7 0-32-14.3-32-32s14.3-32 32-32 32 14.3 32 32-14.3 32-32 32zm128 0c-17.7 0-32-14.3-32-32s14.3-32 32-32 32 14.3 32 32-14.3 32-32 32z\"><\/path><\/svg><br \/>\n\t\t\t\t&nbsp;Clases de ingl\u00e9s<br \/>\n\t\t<\/button><br \/>\n\t\t\t\t<button id=\"e-n-tab-title-1993900942\" aria-selected=\"false\" data-tab-index=\"2\" role=\"tab\" tabindex=\"-1\" aria-controls=\"e-n-tab-content-1993900942\" style=\"--n-tabs-title-order: 2;\"><br \/>\n\t\t\t<svg aria-hidden=\"true\" viewBox=\"0 0 384 512\" xmlns=\"http:\/\/www.w3.org\/2000\/svg\"><path d=\"M336 64h-80c0-35.3-28.7-64-64-64s-64 28.7-64 64H48C21.5 64 0 85.5 0 112v352c0 26.5 21.5 48 48 48h288c26.5 0 48-21.5 48-48V112c0-26.5-21.5-48-48-48zM192 40c13.3 0 24 10.7 24 24s-10.7 24-24 24-24-10.7-24-24 10.7-24 24-24zm144 418c0 3.3-2.7 6-6 6H54c-3.3 0-6-2.7-6-6V118c0-3.3 2.7-6 6-6h42v36c0 6.6 5.4 12 12 12h168c6.6 0 12-5.4 12-12v-36h42c3.3 0 6 2.7 6 6z\"><\/path><\/svg>\t\t\t<svg aria-hidden=\"true\" viewBox=\"0 0 384 512\" xmlns=\"http:\/\/www.w3.org\/2000\/svg\"><path d=\"M336 64h-80c0-35.3-28.7-64-64-64s-64 28.7-64 64H48C21.5 64 0 85.5 0 112v352c0 26.5 21.5 48 48 48h288c26.5 0 48-21.5 48-48V112c0-26.5-21.5-48-48-48zM192 40c13.3 0 24 10.7 24 24s-10.7 24-24 24-24-10.7-24-24 10.7-24 24-24zm144 418c0 3.3-2.7 6-6 6H54c-3.3 0-6-2.7-6-6V118c0-3.3 2.7-6 6-6h42v36c0 6.6 5.4 12 12 12h168c6.6 0 12-5.4 12-12v-36h42c3.3 0 6 2.7 6 6z\"><\/path><\/svg><br \/>\n\t\t\t\t&nbsp;Formaci\u00f3n para el empleo<br \/>\n\t\t<\/button><br \/>\n\t\t\t\t<button id=\"e-n-tab-title-1993900943\" aria-selected=\"false\" data-tab-index=\"3\" role=\"tab\" tabindex=\"-1\" aria-controls=\"e-n-tab-content-1993900943\" style=\"--n-tabs-title-order: 3;\"><br \/>\n\t\t\t<svg aria-hidden=\"true\" viewBox=\"0 0 512 512\" xmlns=\"http:\/\/www.w3.org\/2000\/svg\"><path d=\"M32 0C14.3 0 0 14.3 0 32v464c0 8.8 7.2 16 16 16h32c8.8 0 16-7.2 16-16V32C64 14.3 49.7 0 32 0zm267.9 303.6c-57.2-15.1-111.7-28.8-203.9 11.1V384c185.7-92.2 221.7 53.3 397.5-23.1 11.4-5 18.5-16.5 18.5-28.8v-36c-43.6 17.3-80.2 24.1-112.1 24.1-37.4-.1-68.9-8.4-100-16.6zm0-96c-57.2-15.1-111.7-28.8-203.9 11.1v61.5c94.8-37.6 154.6-22.7 212.1-7.6 57.2 15.1 111.7 28.8 203.9-11.1V200c-43.6 17.3-80.2 24.1-112.1 24.1-37.4 0-68.9-8.3-100-16.5zm9.5-125.9c51.8 15.6 97.4 29 202.6-20.1V30.8c0-25.1-26.8-38.1-49.4-26.6C291.3 91.5 305.4-62.2 96 32.4v151.9c94.8-37.5 154.6-22.7 212.1-7.6 57.2 15 111.7 28.7 203.9-11.1V96.7c-53.6 23.5-93.3 31.4-126.1 31.4s-59-7.8-85.7-15.9c-4-1.2-8.1-2.4-12.1-3.5V75.5c7.2 2 14.3 4.1 21.3 6.2zM160 128.1c-8.8 0-16-7.1-16-16 0-8.8 7.2-16 16-16s16 7.1 16 16-7.2 16-16 16zm0-55.8c-8.8 0-16-7.1-16-16 0-8.8 7.2-16 16-16s16 7.1 16 16c0 8.8-7.2 16-16 16zm64 47.9c-8.8 0-16-7.1-16-16 0-8.8 7.2-16 16-16s16 7.1 16 16c0 8.8-7.2 16-16 16zm0-55.9c-8.8 0-16-7.1-16-16 0-8.8 7.2-16 16-16s16 7.1 16 16c0 8.8-7.2 16-16 16z\"><\/path><\/svg>\t\t\t<svg aria-hidden=\"true\" viewBox=\"0 0 512 512\" xmlns=\"http:\/\/www.w3.org\/2000\/svg\"><path d=\"M32 0C14.3 0 0 14.3 0 32v464c0 8.8 7.2 16 16 16h32c8.8 0 16-7.2 16-16V32C64 14.3 49.7 0 32 0zm267.9 303.6c-57.2-15.1-111.7-28.8-203.9 11.1V384c185.7-92.2 221.7 53.3 397.5-23.1 11.4-5 18.5-16.5 18.5-28.8v-36c-43.6 17.3-80.2 24.1-112.1 24.1-37.4-.1-68.9-8.4-100-16.6zm0-96c-57.2-15.1-111.7-28.8-203.9 11.1v61.5c94.8-37.6 154.6-22.7 212.1-7.6 57.2 15.1 111.7 28.8 203.9-11.1V200c-43.6 17.3-80.2 24.1-112.1 24.1-37.4 0-68.9-8.3-100-16.5zm9.5-125.9c51.8 15.6 97.4 29 202.6-20.1V30.8c0-25.1-26.8-38.1-49.4-26.6C291.3 91.5 305.4-62.2 96 32.4v151.9c94.8-37.5 154.6-22.7 212.1-7.6 57.2 15 111.7 28.7 203.9-11.1V96.7c-53.6 23.5-93.3 31.4-126.1 31.4s-59-7.8-85.7-15.9c-4-1.2-8.1-2.4-12.1-3.5V75.5c7.2 2 14.3 4.1 21.3 6.2zM160 128.1c-8.8 0-16-7.1-16-16 0-8.8 7.2-16 16-16s16 7.1 16 16-7.2 16-16 16zm0-55.8c-8.8 0-16-7.1-16-16 0-8.8 7.2-16 16-16s16 7.1 16 16c0 8.8-7.2 16-16 16zm64 47.9c-8.8 0-16-7.1-16-16 0-8.8 7.2-16 16-16s16 7.1 16 16c0 8.8-7.2 16-16 16zm0-55.9c-8.8 0-16-7.1-16-16 0-8.8 7.2-16 16-16s16 7.1 16 16c0 8.8-7.2 16-16 16z\"><\/path><\/svg><br \/>\n\t\t\t\t&nbsp;Clases de Ciudadan\u00eda<br \/>\n\t\t<\/button><br \/>\n\t\t\t\t<button id=\"e-n-tab-title-1993900944\" aria-selected=\"false\" data-tab-index=\"4\" role=\"tab\" tabindex=\"-1\" aria-controls=\"e-n-tab-content-1993900944\" style=\"--n-tabs-title-order: 4;\"><br \/>\n\t\t\t<svg aria-hidden=\"true\" viewBox=\"0 0 640 512\" xmlns=\"http:\/\/www.w3.org\/2000\/svg\"><path d=\"M622.34 153.2L343.4 67.5c-15.2-4.67-31.6-4.67-46.79 0L17.66 153.2c-23.54 7.23-23.54 38.36 0 45.59l48.63 14.94c-10.67 13.19-17.23 29.28-17.88 46.9C38.78 266.15 32 276.11 32 288c0 10.78 5.68 19.85 13.86 25.65L20.33 428.53C18.11 438.52 25.71 448 35.94 448h56.11c10.24 0 17.84-9.48 15.62-19.47L82.14 313.65C90.32 307.85 96 298.78 96 288c0-11.57-6.47-21.25-15.66-26.87.76-15.02 8.44-28.3 20.69-36.72L296.6 284.5c9.06 2.78 26.44 6.25 46.79 0l278.95-85.7c23.55-7.24 23.55-38.36 0-45.6zM352.79 315.09c-28.53 8.76-52.84 3.92-65.59 0l-145.02-44.55L128 384c0 35.35 85.96 64 192 64s192-28.65 192-64l-14.18-113.47-145.03 44.56z\"><\/path><\/svg>\t\t\t<svg aria-hidden=\"true\" viewBox=\"0 0 640 512\" xmlns=\"http:\/\/www.w3.org\/2000\/svg\"><path d=\"M622.34 153.2L343.4 67.5c-15.2-4.67-31.6-4.67-46.79 0L17.66 153.2c-23.54 7.23-23.54 38.36 0 45.59l48.63 14.94c-10.67 13.19-17.23 29.28-17.88 46.9C38.78 266.15 32 276.11 32 288c0 10.78 5.68 19.85 13.86 25.65L20.33 428.53C18.11 438.52 25.71 448 35.94 448h56.11c10.24 0 17.84-9.48 15.62-19.47L82.14 313.65C90.32 307.85 96 298.78 96 288c0-11.57-6.47-21.25-15.66-26.87.76-15.02 8.44-28.3 20.69-36.72L296.6 284.5c9.06 2.78 26.44 6.25 46.79 0l278.95-85.7c23.55-7.24 23.55-38.36 0-45.6zM352.79 315.09c-28.53 8.76-52.84 3.92-65.59 0l-145.02-44.55L128 384c0 35.35 85.96 64 192 64s192-28.65 192-64l-14.18-113.47-145.03 44.56z\"><\/path><\/svg><br \/>\n\t\t\t\t&nbsp;Ed. de Adultos<br \/>\nY GED<br \/>\n\t\t<\/button><\/p>\n<p>Genesis Center es un entorno c\u00e1lido y de apoyo en el que puedes aprender de nuestros facilitadores, as\u00ed como de compa\u00f1eros de todo el mundo.<\/p>\n<p>\t\t\t\t\t<a href=\"https:\/\/www.gencenter.org\/es\/programas#englishclasses\"><br \/>\n\t\t\t\t\t\t\t\t\tSABER M\u00c1S<br \/>\n\t\t\t\t\t<\/a><br \/>\n\t\t\t\t\t\t\t\t\t\t\t\t\t<img fetchpriority=\"high\" decoding=\"async\" width=\"630\" height=\"385\" src=\"https:\/\/www.gencenter.org\/wp-content\/uploads\/2024\/08\/english-classes-hp.jpg\" alt=\"\" srcset=\"https:\/\/www.gencenter.org\/wp-content\/uploads\/2024\/08\/english-classes-hp.jpg 630w, https:\/\/www.gencenter.org\/wp-content\/uploads\/2024\/08\/english-classes-hp-300x183.jpg 300w\" sizes=\"(max-width: 630px) 100vw, 630px\" \/>\t\t\t\t\t\t\t\t\t\t\t\t\t<\/p>\n<p>Desde la asistencia sanitaria a las artes culinarias, pasando por la educaci\u00f3n, Genesis Center ofrece una gran variedad de programas de formaci\u00f3n para ayudarte a adquirir habilidades y avanzar en tu carrera profesional.<\/p>\n<p>\t\t\t\t\t<a href=\"https:\/\/www.gencenter.org\/es\/formacion-para-el-empleo\"><br \/>\n\t\t\t\t\t\t\t\t\tSABER M\u00c1S<br \/>\n\t\t\t\t\t<\/a><br \/>\n\t\t\t\t\t\t\t\t\t\t\t\t\t<img decoding=\"async\" width=\"630\" height=\"385\" src=\"https:\/\/www.gencenter.org\/wp-content\/uploads\/2024\/08\/job-training-hp.jpg\" alt=\"\" srcset=\"https:\/\/www.gencenter.org\/wp-content\/uploads\/2024\/08\/job-training-hp.jpg 630w, https:\/\/www.gencenter.org\/wp-content\/uploads\/2024\/08\/job-training-hp-300x183.jpg 300w\" sizes=\"(max-width: 630px) 100vw, 630px\" \/>\t\t\t\t\t\t\t\t\t\t\t\t\t<\/p>\n<p>Las clases de Ciudadan\u00eda de Genesis Center ofrecen instrucci\u00f3n c\u00edvica asequible.<br \/>\nLas clases est\u00e1n disponibles para adultos mayores de 18 a\u00f1os de todos los niveles de dominio del ingl\u00e9s, desde principiantes hasta avanzados. <\/p>\n<p>\t\t\t\t\t<a href=\"https:\/\/www.gencenter.org\/es\/programas#citizenship\"><br \/>\n\t\t\t\t\t\t\t\t\tSABER M\u00c1S<br \/>\n\t\t\t\t\t<\/a><br \/>\n\t\t\t\t\t\t\t\t\t\t\t\t\t<img decoding=\"async\" width=\"630\" height=\"385\" src=\"https:\/\/www.gencenter.org\/wp-content\/uploads\/2024\/08\/citizenship-hp.jpg\" alt=\"\" srcset=\"https:\/\/www.gencenter.org\/wp-content\/uploads\/2024\/08\/citizenship-hp.jpg 630w, https:\/\/www.gencenter.org\/wp-content\/uploads\/2024\/08\/citizenship-hp-300x183.jpg 300w\" sizes=\"(max-width: 630px) 100vw, 630px\" \/>\t\t\t\t\t\t\t\t\t\t\t\t\t<\/p>\n<p>Genesis Center colabora con la Autoridad de la Vivienda de Providence para ofrecer una serie de opciones a los adultos que deseen obtener una credencial de ense\u00f1anza secundaria y continuar hacia la formaci\u00f3n laboral, la universidad o el empleo.<\/p>\n<p>\t\t\t\t\t<a href=\"https:\/\/www.gencenter.org\/es\/programas#adulted\"><br \/>\n\t\t\t\t\t\t\t\t\tSABER M\u00c1S<br \/>\n\t\t\t\t\t<\/a><br \/>\n\t\t\t\t\t\t\t\t\t\t\t\t\t<img loading=\"lazy\" decoding=\"async\" width=\"630\" height=\"385\" src=\"https:\/\/www.gencenter.org\/wp-content\/uploads\/2024\/08\/adult-ed-hp.jpg\" alt=\"\" srcset=\"https:\/\/www.gencenter.org\/wp-content\/uploads\/2024\/08\/adult-ed-hp.jpg 630w, https:\/\/www.gencenter.org\/wp-content\/uploads\/2024\/08\/adult-ed-hp-300x183.jpg 300w\" sizes=\"(max-width: 630px) 100vw, 630px\" \/>\t\t\t\t\t\t\t\t\t\t\t\t\t<\/p>\n<p>Genesis Center es un entorno c\u00e1lido y de apoyo en el que puedes aprender de nuestros facilitadores, as\u00ed como de compa\u00f1eros de todo el mundo.<\/p>\n<p>\t\t\t\t\t<a href=\"https:\/\/www.gencenter.org\/es\/programas#englishclasses\"><br \/>\n\t\t\t\t\t\t\t\t\tSABER M\u00c1S<br \/>\n\t\t\t\t\t<\/a><br \/>\n\t\t\t\t\t\t\t\t\t\t\t\t\t<img fetchpriority=\"high\" decoding=\"async\" width=\"630\" height=\"385\" src=\"https:\/\/www.gencenter.org\/wp-content\/uploads\/2024\/08\/english-classes-hp.jpg\" alt=\"\" srcset=\"https:\/\/www.gencenter.org\/wp-content\/uploads\/2024\/08\/english-classes-hp.jpg 630w, https:\/\/www.gencenter.org\/wp-content\/uploads\/2024\/08\/english-classes-hp-300x183.jpg 300w\" sizes=\"(max-width: 630px) 100vw, 630px\" \/>\t\t\t\t\t\t\t\t\t\t\t\t\t<\/p>\n<p>Desde la asistencia sanitaria a las artes culinarias, pasando por la educaci\u00f3n, Genesis Center ofrece una gran variedad de programas de formaci\u00f3n para ayudarte a adquirir habilidades y avanzar en tu carrera profesional.<\/p>\n<p>\t\t\t\t\t<a href=\"https:\/\/www.gencenter.org\/es\/formacion-para-el-empleo\"><br \/>\n\t\t\t\t\t\t\t\t\tSABER M\u00c1S<br \/>\n\t\t\t\t\t<\/a><br \/>\n\t\t\t\t\t\t\t\t\t\t\t\t\t<img decoding=\"async\" width=\"630\" height=\"385\" src=\"https:\/\/www.gencenter.org\/wp-content\/uploads\/2024\/08\/job-training-hp.jpg\" alt=\"\" srcset=\"https:\/\/www.gencenter.org\/wp-content\/uploads\/2024\/08\/job-training-hp.jpg 630w, https:\/\/www.gencenter.org\/wp-content\/uploads\/2024\/08\/job-training-hp-300x183.jpg 300w\" sizes=\"(max-width: 630px) 100vw, 630px\" \/>\t\t\t\t\t\t\t\t\t\t\t\t\t<\/p>\n<p>Las clases de Ciudadan\u00eda de Genesis Center ofrecen instrucci\u00f3n c\u00edvica asequible.<br \/>\nLas clases est\u00e1n disponibles para adultos mayores de 18 a\u00f1os de todos los niveles de dominio del ingl\u00e9s, desde principiantes hasta avanzados. <\/p>\n<p>\t\t\t\t\t<a href=\"https:\/\/www.gencenter.org\/es\/programas#citizenship\"><br \/>\n\t\t\t\t\t\t\t\t\tSABER M\u00c1S<br \/>\n\t\t\t\t\t<\/a><br \/>\n\t\t\t\t\t\t\t\t\t\t\t\t\t<img decoding=\"async\" width=\"630\" height=\"385\" src=\"https:\/\/www.gencenter.org\/wp-content\/uploads\/2024\/08\/citizenship-hp.jpg\" alt=\"\" srcset=\"https:\/\/www.gencenter.org\/wp-content\/uploads\/2024\/08\/citizenship-hp.jpg 630w, https:\/\/www.gencenter.org\/wp-content\/uploads\/2024\/08\/citizenship-hp-300x183.jpg 300w\" sizes=\"(max-width: 630px) 100vw, 630px\" \/>\t\t\t\t\t\t\t\t\t\t\t\t\t<\/p>\n<p>Genesis Center colabora con la Autoridad de la Vivienda de Providence para ofrecer una serie de opciones a los adultos que deseen obtener una credencial de ense\u00f1anza secundaria y continuar hacia la formaci\u00f3n laboral, la universidad o el empleo.<\/p>\n<p>\t\t\t\t\t<a href=\"https:\/\/www.gencenter.org\/es\/programas#adulted\"><br \/>\n\t\t\t\t\t\t\t\t\tSABER M\u00c1S<br \/>\n\t\t\t\t\t<\/a><br \/>\n\t\t\t\t\t\t\t\t\t\t\t\t\t<img loading=\"lazy\" decoding=\"async\" width=\"630\" height=\"385\" src=\"https:\/\/www.gencenter.org\/wp-content\/uploads\/2024\/08\/adult-ed-hp.jpg\" alt=\"\" srcset=\"https:\/\/www.gencenter.org\/wp-content\/uploads\/2024\/08\/adult-ed-hp.jpg 630w, https:\/\/www.gencenter.org\/wp-content\/uploads\/2024\/08\/adult-ed-hp-300x183.jpg 300w\" sizes=\"(max-width: 630px) 100vw, 630px\" \/>\t\t\t\t\t\t\t\t\t\t\t\t\t<\/p>\n<h2>clases y formaci\u00f3n<\/h2>\n<p>\t\t\t\t\t\t\t\t\t\t<a href=\"https:\/\/www.gencenter.org\/es\/programas#englishclasses\">Clases de ingl\u00e9s<\/p>\n<p>Genesis Center es un entorno c\u00e1lido y de apoyo en el que puedes aprender de nuestros facilitadores, as\u00ed como de compa\u00f1eros de todo el mundo.<\/p>\n<p>Saber m\u00e1s<\/a><a href=\"https:\/\/www.gencenter.org\/es\/formacion-para-el-empleo\">Formaci\u00f3n laboral<\/p>\n<p>Desde la asistencia sanitaria a las artes culinarias, pasando por la educaci\u00f3n, Genesis Center ofrece una gran variedad de programas de formaci\u00f3n para ayudarte a adquirir habilidades y avanzar en tu carrera profesional.<\/p>\n<p>Saber m\u00e1s<\/a><a href=\"https:\/\/www.gencenter.org\/es\/programas#citizenshipprep\">clases de ciudadan\u00eda<\/p>\n<p>Las clases de Ciudadan\u00eda de Genesis Center ofrecen instrucci\u00f3n c\u00edvica asequible.<br \/>\nLas clases est\u00e1n disponibles para adultos mayores de 18 a\u00f1os de todos los niveles de dominio del ingl\u00e9s, desde principiantes hasta avanzados. <\/p>\n<p>Saber m\u00e1s<\/a><a href=\"https:\/\/www.gencenter.org\/es\/programas#adulted\">educaci\u00f3n de adultos y GED<\/p>\n<p>Genesis Center colabora con la Autoridad de la Vivienda de Providence para ofrecer una serie de opciones a los adultos que deseen obtener una credencial de ense\u00f1anza secundaria y continuar hacia la formaci\u00f3n laboral, la universidad o el empleo.<\/p>\n<p>Saber m\u00e1s<\/a><br \/>\n\t\t\t\t\t\t\t<svg aria-hidden=\"true\" viewBox=\"0 0 1000 1000\" xmlns=\"http:\/\/www.w3.org\/2000\/svg\"><path d=\"M646 125C629 125 613 133 604 142L308 442C296 454 292 471 292 487 292 504 296 521 308 533L604 854C617 867 629 875 646 875 663 875 679 871 692 858 704 846 713 829 713 812 713 796 708 779 692 767L438 487 692 225C700 217 708 204 708 187 708 171 704 154 692 142 675 129 663 125 646 125Z\"><\/path><\/svg>\t\t\t\t\t\t\tPrevious slide<br \/>\n\t\t\t\t\t\t\t<svg aria-hidden=\"true\" viewBox=\"0 0 1000 1000\" xmlns=\"http:\/\/www.w3.org\/2000\/svg\"><path d=\"M696 533C708 521 713 504 713 487 713 471 708 454 696 446L400 146C388 133 375 125 354 125 338 125 325 129 313 142 300 154 292 171 292 187 292 204 296 221 308 233L563 492 304 771C292 783 288 800 288 817 288 833 296 850 308 863 321 871 338 875 354 875 371 875 388 867 400 854L696 533Z\"><\/path><\/svg>\t\t\t\t\t\t\tNext slide<\/p>\n<h2>Centro de Aprendizaje Temprano<\/h2>\n<p>Nuestras instalaciones, calificadas con 5 estrellas Bright Star, ofrecen cuidados y educaci\u00f3n de alta calidad y asequibles.<br \/>\nInscribimos a ni\u00f1os desde las 6 semanas de edad en nuestra sala de beb\u00e9s hasta los 4 a\u00f1os en nuestras aulas de Pre-K. <\/p>\n<p>\t\t\t\t\t<a href=\"https:\/\/www.gencenter.org\/es\/centro-de-aprendizaje-temprano\"><br \/>\n\t\t\t\t\t\t\t\t\tSABER M\u00c1S<br \/>\n\t\t\t\t\t<\/a><\/p>\n<h2>Formas de dar y formas de participar<\/h2>\n<p>\t\t\t\t\t<a href=\"https:\/\/www.gencenter.org\/general-donation\"><\/p>\n<h2>\n\t\t\t\t\t\tDona\t\t\t\t\t<\/h2>\n<p>\t\t\t\t\t\t<\/a><\/p>\n<p>Tu generosa contribuci\u00f3n apoya programas que brindan oportunidades a los habitantes de Rhode Island con bajos ingresos y les ayudan a lograr la independencia econ\u00f3mica.  <\/p>\n<p>\t\t\t\t\t<a href=\"https:\/\/www.gencenter.org\/ways-to-give\"><br \/>\n\t\t\t\t\t\t\t\t\tSABER M\u00c1S<br \/>\n\t\t\t\t\t<\/a><br \/>\n\t\t\t\t\t<a href=\"https:\/\/www.gencenter.org\/ways-to-give#volunteer\"><\/p>\n<h2>\n\t\t\t\t\t\tVoluntario\t\t\t\t\t<\/h2>\n<p>\t\t\t\t\t\t<\/a><\/p>\n<p>Buscamos personas y grupos cualificados que quieran apoyar nuestra organizaci\u00f3n y nuestra misi\u00f3n.<br \/>\nPuede tratarse de un proyecto o de un servicio regular continuado. <\/p>\n<p>\t\t\t\t\t<a href=\"https:\/\/www.gencenter.org\/ways-to-give#volunteer\"><br \/>\n\t\t\t\t\t\t\t\t\tSABER M\u00c1S<br \/>\n\t\t\t\t\t<\/a><\/p>\n<h2>Noticias recientes<\/h2>\n<p>\t\t\t\t\t<a href=\"https:\/\/www.gencenter.org\/news\"><br \/>\n\t\t\t\t\t\t\t\t\tVER TODAS LAS NOTICIAS<br \/>\n\t\t\t\t\t<\/a><\/p>\n<h2>Historia destacada<\/h2>\n<h2>Historia destacada<\/h2>\n<h2>ZITA PAUL, ARTES CULINARIAS<\/h2>\n<p>Zita, junto con varios miembros de su familia, incluidos sus tres hijos, lleg\u00f3 a Estados Unidos en septiembre de 2023 como refugiada procedente de Hait\u00ed.<br \/>\nEn noviembre de 2023, empez\u00f3 a tomar clases de ESOL en Genesis Center para mejorar su nivel de ingl\u00e9s.<br \/>\nAl mismo tiempo, se matricul\u00f3 en el programa de Artes Culinarias de Genesis Center con el objetivo a corto plazo de abrir un peque\u00f1o restaurante especializado en aut\u00e9ntica cocina haitiana.<br \/>\nComo Zita trabaj\u00f3 como enfermera en Hait\u00ed, su objetivo final es volver a trabajar en el sector sanitario.<br \/>\nPara ello, est\u00e1 inscrita en el programa ESOL contextualizado de Graduado M\u00e9dico Internacional (IMG) de Genesis Center, en colaboraci\u00f3n con el Centro de Bienvenida de RI, para ayudar a los profesionales m\u00e9dicos formados en el extranjero a obtener las credenciales y licencias necesarias para trabajar en el sistema sanitario estadounidense.    <\/p>\n<p>Con la inquebrantable determinaci\u00f3n de Zita, no cabe duda de que pronto ser\u00e1 enfermera titulada en ejercicio aqu\u00ed en Rhode Island.<\/p>\n","protected":false},"excerpt":{"rendered":"<p>Educaci\u00f3n, Formaci\u00f3n para el Empleo y Servicios de Apoyo Genesis Center ofrece programas a personas de diversas culturas para que puedan lograr la independencia econ\u00f3mica y participar plenamente en la sociedad. C\u00d3MO AYUDAR Clases y formaci\u00f3n &nbsp;Clases de ingl\u00e9s &nbsp;Formaci\u00f3n para el empleo &nbsp;Clases de Ciudadan\u00eda &nbsp;Ed. de Adultos Y GED Genesis Center es un [&hellip;]<\/p>\n","protected":false},"author":3,"featured_media":13695,"parent":0,"menu_order":0,"comment_status":"closed","ping_status":"closed","template":"","meta":{"_acf_changed":false,"give_campaign_id":0,"footnotes":""},"class_list":["post-11598","page","type-page","status-publish","has-post-thumbnail","hentry"],"acf":[],"campaignId":"","_links":{"self":[{"href":"https:\/\/www.gencenter.org\/es\/wp-json\/wp\/v2\/pages\/11598","targetHints":{"allow":["GET"]}}],"collection":[{"href":"https:\/\/www.gencenter.org\/es\/wp-json\/wp\/v2\/pages"}],"about":[{"href":"https:\/\/www.gencenter.org\/es\/wp-json\/wp\/v2\/types\/page"}],"author":[{"embeddable":true,"href":"https:\/\/www.gencenter.org\/es\/wp-json\/wp\/v2\/users\/3"}],"replies":[{"embeddable":true,"href":"https:\/\/www.gencenter.org\/es\/wp-json\/wp\/v2\/comments?post=11598"}],"version-history":[{"count":12,"href":"https:\/\/www.gencenter.org\/es\/wp-json\/wp\/v2\/pages\/11598\/revisions"}],"predecessor-version":[{"id":16134,"href":"https:\/\/www.gencenter.org\/es\/wp-json\/wp\/v2\/pages\/11598\/revisions\/16134"}],"wp:featuredmedia":[{"embeddable":true,"href":"https:\/\/www.gencenter.org\/es\/wp-json\/wp\/v2\/media\/13695"}],"wp:attachment":[{"href":"https:\/\/www.gencenter.org\/es\/wp-json\/wp\/v2\/media?parent=11598"}],"curies":[{"name":"wp","href":"https:\/\/api.w.org\/{rel}","templated":true}]}}